{"id":423,"date":"2017-03-21T11:53:33","date_gmt":"2017-03-21T11:53:33","guid":{"rendered":"http:\/\/clinicadentalmercurio.com\/?page_id=423\/"},"modified":"2017-03-24T09:49:48","modified_gmt":"2017-03-24T09:49:48","slug":"datenschutzrichtlinien","status":"publish","type":"page","link":"https:\/\/clinicadentalmercurio.com\/de\/datenschutzrichtlinien\/","title":{"rendered":"Datenschutzrichtlinien"},"content":{"rendered":"<p>[et_pb_section bb_built=&#8220;1&#8243; admin_label=&#8220;section&#8220;][et_pb_row admin_label=&#8220;row&#8220;][et_pb_column type=&#8220;4_4&#8243;][et_pb_text admin_label=&#8220;Texto&#8220;]<\/p>\n<h2>Datenschutzrichtlinien<\/h2>\n<p class=\"p2\">In \u00dcbereinstimmung mit dem Organischen Gesetz 15\/1999 informieren wie Sie, dass die Daten, die man \u00fcber dieses Formular erh\u00e4lt, in einer automatisierten Datei aufgenommen werden, f\u00fcr die die Cl\u00ednica Dental Mercurio verantwortlich ist. Dies dient zum Zweck, die Sprechstunden abzuwickeln und Ihnen Informationsmaterial zuzuschicken, das f\u00fcr Sie von Interesse sein k\u00f6nnte. Sie k\u00f6nnen Ihre Rechte in Bezug auf Zugang, Berichtigung, Annullierung und Einspruch aus\u00fcben, indem Sie sich schriftlich an unsere folgende Adresse wenden: Avenida de Tirajana 37, Edificio Mercurio, Torre 1, 35100 Playa del Ingl\u00e9s, Las Palmas.<\/p>\n<p class=\"p2\">Wenn Sie es uns nicht anderweitig mitteilen, gehen wir davon aus, dass sich Ihre Daten nicht ver\u00e4ndert haben, dass Sie sich verpflichten, uns alle \u00c4nderungen mitzuteilen und dass wir Ihr Einverst\u00e4ndnis haben, die Daten f\u00fcr die erw\u00e4hnten Zwecke zu benutzen. Der Versand dieser Daten setzt die Akzeptanz dieser Klausel voraus.<\/p>\n<p>&nbsp;<\/p>\n<p>[\/et_pb_text][\/et_pb_column][\/et_pb_row][\/et_pb_section]<\/p>\n","protected":false},"excerpt":{"rendered":"<p>Datenschutzrichtlinien In \u00dcbereinstimmung mit dem Organischen Gesetz 15\/1999 informieren wie Sie, dass die Daten, die man \u00fcber dieses Formular erh\u00e4lt, in einer automatisierten Datei aufgenommen werden, f\u00fcr die die Cl\u00ednica Dental Mercurio verantwortlich ist. Dies dient zum Zweck, die Sprechstunden abzuwickeln und Ihnen Informationsmaterial zuzuschicken, das f\u00fcr Sie von Interesse sein k\u00f6nnte. Sie k\u00f6nnen Ihre [&hellip;]<\/p>\n","protected":false},"author":2,"featured_media":0,"parent":0,"menu_order":0,"comment_status":"closed","ping_status":"closed","template":"","meta":{"_et_pb_use_builder":"on","_et_pb_old_content":"<p class=\"p2\"><span class=\"s1\">De acuerdo con lo establecido por la Ley Org\u00e1nica 15\/1999, le informamos que los datos obtenidos de este formulario ser\u00e1n incorporados a un fichero automatizado bajo la responsabilidad de Cl\u00ednica dental mercurio\u00a0con la finalidad de atender sus consultas y remitirle informaci\u00f3n relacionada que pueda ser de su inter\u00e9s. Puede ejercer sus derechos de acceso, rectificaci\u00f3n, cancelaci\u00f3n y oposici\u00f3n mediante un escrito a nuestra direcci\u00f3n\u00a0<span class=\"_Xbe\">Avenida de Tirajana, 37, Edificio Mercurio. Torre 1, 35100 Playa del Ingl\u00e9s, Las Palmas.<\/span><\/span><\/p><p class=\"p2\"><span class=\"s1\">Mientras no nos comunique lo contrario, entenderemos que sus datos no han sido modificados, que usted se compromete a notificarnos cualquier variaci\u00f3n y que tenemos su consentimiento para utilizarlos para las finalidades mencionadas.<\/span><span class=\"s1\">El env\u00edo de estos datos implica la aceptaci\u00f3n de esta cl\u00e1usula.<\/span><\/p>","_et_gb_content_width":"","footnotes":""},"class_list":["post-423","page","type-page","status-publish","hentry"],"yoast_head":"<!-- This site is optimized with the Yoast SEO plugin v27.5 - https:\/\/yoast.com\/product\/yoast-seo-wordpress\/ -->\n<title>Datenschutzrichtlinien - Cl\u00ednica Dental Mercurio<\/title>\n<meta name=\"robots\" content=\"index, follow, max-snippet:-1, max-image-preview:large, max-video-preview:-1\" \/>\n<link rel=\"canonical\" href=\"https:\/\/clinicadentalmercurio.com\/de\/datenschutzrichtlinien\/\" \/>\n<meta property=\"og:locale\" content=\"de_DE\" \/>\n<meta property=\"og:type\" content=\"article\" \/>\n<meta property=\"og:title\" content=\"Datenschutzrichtlinien - Cl\u00ednica Dental Mercurio\" \/>\n<meta property=\"og:description\" content=\"Datenschutzrichtlinien In \u00dcbereinstimmung mit dem Organischen Gesetz 15\/1999 informieren wie Sie, dass die Daten, die man \u00fcber dieses Formular erh\u00e4lt, in einer automatisierten Datei aufgenommen werden, f\u00fcr die die Cl\u00ednica Dental Mercurio verantwortlich ist. Dies dient zum Zweck, die Sprechstunden abzuwickeln und Ihnen Informationsmaterial zuzuschicken, das f\u00fcr Sie von Interesse sein k\u00f6nnte. Sie k\u00f6nnen Ihre [&hellip;]\" \/>\n<meta property=\"og:url\" content=\"https:\/\/clinicadentalmercurio.com\/de\/datenschutzrichtlinien\/\" \/>\n<meta property=\"og:site_name\" content=\"Cl\u00ednica Dental Mercurio\" \/>\n<meta property=\"article:modified_time\" content=\"2017-03-24T09:49:48+00:00\" \/>\n<meta name=\"twitter:card\" content=\"summary_large_image\" \/>\n<meta name=\"twitter:label1\" content=\"Gesch\u00e4tzte Lesezeit\" \/>\n\t<meta name=\"twitter:data1\" content=\"1\u00a0Minute\" \/>\n<script type=\"application\/ld+json\" class=\"yoast-schema-graph\">{\"@context\":\"https:\\\/\\\/schema.org\",\"@graph\":[{\"@type\":\"WebPage\",\"@id\":\"https:\\\/\\\/clinicadentalmercurio.com\\\/de\\\/datenschutzrichtlinien\\\/\",\"url\":\"https:\\\/\\\/clinicadentalmercurio.com\\\/de\\\/datenschutzrichtlinien\\\/\",\"name\":\"Datenschutzrichtlinien - Cl\u00ednica Dental Mercurio\",\"isPartOf\":{\"@id\":\"https:\\\/\\\/clinicadentalmercurio.com\\\/#website\"},\"datePublished\":\"2017-03-21T11:53:33+00:00\",\"dateModified\":\"2017-03-24T09:49:48+00:00\",\"breadcrumb\":{\"@id\":\"https:\\\/\\\/clinicadentalmercurio.com\\\/de\\\/datenschutzrichtlinien\\\/#breadcrumb\"},\"inLanguage\":\"de\",\"potentialAction\":[{\"@type\":\"ReadAction\",\"target\":[\"https:\\\/\\\/clinicadentalmercurio.com\\\/de\\\/datenschutzrichtlinien\\\/\"]}]},{\"@type\":\"BreadcrumbList\",\"@id\":\"https:\\\/\\\/clinicadentalmercurio.com\\\/de\\\/datenschutzrichtlinien\\\/#breadcrumb\",\"itemListElement\":[{\"@type\":\"ListItem\",\"position\":1,\"name\":\"Portada\",\"item\":\"https:\\\/\\\/clinicadentalmercurio.com\\\/de\\\/\"},{\"@type\":\"ListItem\",\"position\":2,\"name\":\"Datenschutzrichtlinien\"}]},{\"@type\":\"WebSite\",\"@id\":\"https:\\\/\\\/clinicadentalmercurio.com\\\/#website\",\"url\":\"https:\\\/\\\/clinicadentalmercurio.com\\\/\",\"name\":\"Cl\u00ednica Dental Mercurio\",\"description\":\"Cl\u00ednica Dental Edificio Mercurio Playa del Ingl\u00e9s\",\"publisher\":{\"@id\":\"https:\\\/\\\/clinicadentalmercurio.com\\\/#organization\"},\"potentialAction\":[{\"@type\":\"SearchAction\",\"target\":{\"@type\":\"EntryPoint\",\"urlTemplate\":\"https:\\\/\\\/clinicadentalmercurio.com\\\/?s={search_term_string}\"},\"query-input\":{\"@type\":\"PropertyValueSpecification\",\"valueRequired\":true,\"valueName\":\"search_term_string\"}}],\"inLanguage\":\"de\"},{\"@type\":\"Organization\",\"@id\":\"https:\\\/\\\/clinicadentalmercurio.com\\\/#organization\",\"name\":\"Cl\u00ednica Dental Mercurio\",\"url\":\"https:\\\/\\\/clinicadentalmercurio.com\\\/\",\"logo\":{\"@type\":\"ImageObject\",\"inLanguage\":\"de\",\"@id\":\"https:\\\/\\\/clinicadentalmercurio.com\\\/#\\\/schema\\\/logo\\\/image\\\/\",\"url\":\"https:\\\/\\\/clinicadentalmercurio.com\\\/wp-content\\\/uploads\\\/2017\\\/03\\\/M-500x500-copia.jpg\",\"contentUrl\":\"https:\\\/\\\/clinicadentalmercurio.com\\\/wp-content\\\/uploads\\\/2017\\\/03\\\/M-500x500-copia.jpg\",\"width\":100,\"height\":100,\"caption\":\"Cl\u00ednica Dental Mercurio\"},\"image\":{\"@id\":\"https:\\\/\\\/clinicadentalmercurio.com\\\/#\\\/schema\\\/logo\\\/image\\\/\"}}]}<\/script>\n<!-- \/ Yoast SEO plugin. -->","yoast_head_json":{"title":"Datenschutzrichtlinien - Cl\u00ednica Dental Mercurio","robots":{"index":"index","follow":"follow","max-snippet":"max-snippet:-1","max-image-preview":"max-image-preview:large","max-video-preview":"max-video-preview:-1"},"canonical":"https:\/\/clinicadentalmercurio.com\/de\/datenschutzrichtlinien\/","og_locale":"de_DE","og_type":"article","og_title":"Datenschutzrichtlinien - Cl\u00ednica Dental Mercurio","og_description":"Datenschutzrichtlinien In \u00dcbereinstimmung mit dem Organischen Gesetz 15\/1999 informieren wie Sie, dass die Daten, die man \u00fcber dieses Formular erh\u00e4lt, in einer automatisierten Datei aufgenommen werden, f\u00fcr die die Cl\u00ednica Dental Mercurio verantwortlich ist. Dies dient zum Zweck, die Sprechstunden abzuwickeln und Ihnen Informationsmaterial zuzuschicken, das f\u00fcr Sie von Interesse sein k\u00f6nnte. Sie k\u00f6nnen Ihre [&hellip;]","og_url":"https:\/\/clinicadentalmercurio.com\/de\/datenschutzrichtlinien\/","og_site_name":"Cl\u00ednica Dental Mercurio","article_modified_time":"2017-03-24T09:49:48+00:00","twitter_card":"summary_large_image","twitter_misc":{"Gesch\u00e4tzte Lesezeit":"1\u00a0Minute"},"schema":{"@context":"https:\/\/schema.org","@graph":[{"@type":"WebPage","@id":"https:\/\/clinicadentalmercurio.com\/de\/datenschutzrichtlinien\/","url":"https:\/\/clinicadentalmercurio.com\/de\/datenschutzrichtlinien\/","name":"Datenschutzrichtlinien - Cl\u00ednica Dental Mercurio","isPartOf":{"@id":"https:\/\/clinicadentalmercurio.com\/#website"},"datePublished":"2017-03-21T11:53:33+00:00","dateModified":"2017-03-24T09:49:48+00:00","breadcrumb":{"@id":"https:\/\/clinicadentalmercurio.com\/de\/datenschutzrichtlinien\/#breadcrumb"},"inLanguage":"de","potentialAction":[{"@type":"ReadAction","target":["https:\/\/clinicadentalmercurio.com\/de\/datenschutzrichtlinien\/"]}]},{"@type":"BreadcrumbList","@id":"https:\/\/clinicadentalmercurio.com\/de\/datenschutzrichtlinien\/#breadcrumb","itemListElement":[{"@type":"ListItem","position":1,"name":"Portada","item":"https:\/\/clinicadentalmercurio.com\/de\/"},{"@type":"ListItem","position":2,"name":"Datenschutzrichtlinien"}]},{"@type":"WebSite","@id":"https:\/\/clinicadentalmercurio.com\/#website","url":"https:\/\/clinicadentalmercurio.com\/","name":"Cl\u00ednica Dental Mercurio","description":"Cl\u00ednica Dental Edificio Mercurio Playa del Ingl\u00e9s","publisher":{"@id":"https:\/\/clinicadentalmercurio.com\/#organization"},"potentialAction":[{"@type":"SearchAction","target":{"@type":"EntryPoint","urlTemplate":"https:\/\/clinicadentalmercurio.com\/?s={search_term_string}"},"query-input":{"@type":"PropertyValueSpecification","valueRequired":true,"valueName":"search_term_string"}}],"inLanguage":"de"},{"@type":"Organization","@id":"https:\/\/clinicadentalmercurio.com\/#organization","name":"Cl\u00ednica Dental Mercurio","url":"https:\/\/clinicadentalmercurio.com\/","logo":{"@type":"ImageObject","inLanguage":"de","@id":"https:\/\/clinicadentalmercurio.com\/#\/schema\/logo\/image\/","url":"https:\/\/clinicadentalmercurio.com\/wp-content\/uploads\/2017\/03\/M-500x500-copia.jpg","contentUrl":"https:\/\/clinicadentalmercurio.com\/wp-content\/uploads\/2017\/03\/M-500x500-copia.jpg","width":100,"height":100,"caption":"Cl\u00ednica Dental Mercurio"},"image":{"@id":"https:\/\/clinicadentalmercurio.com\/#\/schema\/logo\/image\/"}}]}},"_links":{"self":[{"href":"https:\/\/clinicadentalmercurio.com\/de\/wp-json\/wp\/v2\/pages\/423","targetHints":{"allow":["GET"]}}],"collection":[{"href":"https:\/\/clinicadentalmercurio.com\/de\/wp-json\/wp\/v2\/pages"}],"about":[{"href":"https:\/\/clinicadentalmercurio.com\/de\/wp-json\/wp\/v2\/types\/page"}],"author":[{"embeddable":true,"href":"https:\/\/clinicadentalmercurio.com\/de\/wp-json\/wp\/v2\/users\/2"}],"replies":[{"embeddable":true,"href":"https:\/\/clinicadentalmercurio.com\/de\/wp-json\/wp\/v2\/comments?post=423"}],"version-history":[{"count":0,"href":"https:\/\/clinicadentalmercurio.com\/de\/wp-json\/wp\/v2\/pages\/423\/revisions"}],"wp:attachment":[{"href":"https:\/\/clinicadentalmercurio.com\/de\/wp-json\/wp\/v2\/media?parent=423"}],"curies":[{"name":"wp","href":"https:\/\/api.w.org\/{rel}","templated":true}]}}