{"id":470,"date":"2017-03-22T10:31:43","date_gmt":"2017-03-22T10:31:43","guid":{"rendered":"http:\/\/clinicadentalmercurio.com\/?page_id=470\/"},"modified":"2017-03-22T10:31:53","modified_gmt":"2017-03-22T10:31:53","slug":"privacy-policy","status":"publish","type":"page","link":"https:\/\/clinicadentalmercurio.com\/en\/privacy-policy\/","title":{"rendered":"Privacy Policy"},"content":{"rendered":"<p>[et_pb_section bb_built=&#8221;1&#8243; admin_label=&#8221;section&#8221;][et_pb_row admin_label=&#8221;row&#8221;][et_pb_column type=&#8221;4_4&#8243;][et_pb_text admin_label=&#8221;Texto&#8221; background_layout=&#8221;light&#8221; text_orientation=&#8221;left&#8221; use_border_color=&#8221;off&#8221; border_color=&#8221;#ffffff&#8221; border_style=&#8221;solid&#8221;]<\/p>\n<p>&nbsp;<\/p>\n<h2 class=\"p2\">Privacy Policy<\/h2>\n<p class=\"p2\">In accordance with Organic Law 15\/1999 on Personal Data Protection, we hereby inform you that the personal data obtained from this form will be included in a automated computer file held by Cl\u00ednica Dental Mercurio for the purpose of answering your enquiries and sending you related information that may be of interest to you.\u00a0You can exercise your rights of access, rectification, cancellation and opposition by writing to us at Avenida de Tirajana, 37, Edificio Mercurio,\u00a0Torre 1, 35100 Playa del Ingl\u00e9s, Las Palmas.<\/p>\n<p class=\"p2\">Unless you inform us otherwise, we will assume that your details have not changed, that you undertake to notify us of any changes and that we have your consent to use them for the purposes mentioned.<\/p>\n<p>&nbsp;<\/p>\n<p>[\/et_pb_text][\/et_pb_column][\/et_pb_row][\/et_pb_section]<\/p>\n","protected":false},"excerpt":{"rendered":"<p>&nbsp; Privacy Policy In accordance with Organic Law 15\/1999 on Personal Data Protection, we hereby inform you that the personal data obtained from this form will be included in a automated computer file held by Cl\u00ednica Dental Mercurio for the purpose of answering your enquiries and sending you related information that may be of interest [&hellip;]<\/p>\n","protected":false},"author":2,"featured_media":0,"parent":0,"menu_order":0,"comment_status":"closed","ping_status":"closed","template":"","meta":{"_et_pb_use_builder":"on","_et_pb_old_content":"<p class=\"p2\"><span class=\"s1\">De acuerdo con lo establecido por la Ley Org\u00e1nica 15\/1999, le informamos que los datos obtenidos de este formulario ser\u00e1n incorporados a un fichero automatizado bajo la responsabilidad de Cl\u00ednica dental mercurio\u00a0con la finalidad de atender sus consultas y remitirle informaci\u00f3n relacionada que pueda ser de su inter\u00e9s. Puede ejercer sus derechos de acceso, rectificaci\u00f3n, cancelaci\u00f3n y oposici\u00f3n mediante un escrito a nuestra direcci\u00f3n\u00a0<span class=\"_Xbe\">Avenida de Tirajana, 37, Edificio Mercurio. Torre 1, 35100 Playa del Ingl\u00e9s, Las Palmas.<\/span><\/span><\/p><p class=\"p2\"><span class=\"s1\">Mientras no nos comunique lo contrario, entenderemos que sus datos no han sido modificados, que usted se compromete a notificarnos cualquier variaci\u00f3n y que tenemos su consentimiento para utilizarlos para las finalidades mencionadas.<\/span><span class=\"s1\">El env\u00edo de estos datos implica la aceptaci\u00f3n de esta cl\u00e1usula.<\/span><\/p>","_et_gb_content_width":"","footnotes":""},"class_list":["post-470","page","type-page","status-publish","hentry"],"yoast_head":"<!-- This site is optimized with the Yoast SEO plugin v27.4 - https:\/\/yoast.com\/product\/yoast-seo-wordpress\/ -->\n<title>Privacy Policy - Dental Clinic Mercurio<\/title>\n<meta name=\"robots\" content=\"index, follow, max-snippet:-1, max-image-preview:large, max-video-preview:-1\" \/>\n<link rel=\"canonical\" href=\"https:\/\/clinicadentalmercurio.com\/en\/privacy-policy\/\" \/>\n<meta property=\"og:locale\" content=\"en_US\" \/>\n<meta property=\"og:type\" content=\"article\" \/>\n<meta property=\"og:title\" content=\"Privacy Policy - Dental Clinic Mercurio\" \/>\n<meta property=\"og:description\" content=\"&nbsp; Privacy Policy In accordance with Organic Law 15\/1999 on Personal Data Protection, we hereby inform you that the personal data obtained from this form will be included in a automated computer file held by Cl\u00ednica Dental Mercurio for the purpose of answering your enquiries and sending you related information that may be of interest [&hellip;]\" \/>\n<meta property=\"og:url\" content=\"https:\/\/clinicadentalmercurio.com\/en\/privacy-policy\/\" \/>\n<meta property=\"og:site_name\" content=\"Cl\u00ednica Dental Mercurio\" \/>\n<meta property=\"article:modified_time\" content=\"2017-03-22T10:31:53+00:00\" \/>\n<meta name=\"twitter:card\" content=\"summary_large_image\" \/>\n<meta name=\"twitter:label1\" content=\"Est. reading time\" \/>\n\t<meta name=\"twitter:data1\" content=\"1 minute\" \/>\n<script type=\"application\/ld+json\" class=\"yoast-schema-graph\">{\"@context\":\"https:\\\/\\\/schema.org\",\"@graph\":[{\"@type\":\"WebPage\",\"@id\":\"https:\\\/\\\/clinicadentalmercurio.com\\\/en\\\/privacy-policy\\\/\",\"url\":\"https:\\\/\\\/clinicadentalmercurio.com\\\/en\\\/privacy-policy\\\/\",\"name\":\"Privacy Policy - Dental Clinic Mercurio\",\"isPartOf\":{\"@id\":\"https:\\\/\\\/clinicadentalmercurio.com\\\/#website\"},\"datePublished\":\"2017-03-22T10:31:43+00:00\",\"dateModified\":\"2017-03-22T10:31:53+00:00\",\"breadcrumb\":{\"@id\":\"https:\\\/\\\/clinicadentalmercurio.com\\\/en\\\/privacy-policy\\\/#breadcrumb\"},\"inLanguage\":\"en-US\",\"potentialAction\":[{\"@type\":\"ReadAction\",\"target\":[\"https:\\\/\\\/clinicadentalmercurio.com\\\/en\\\/privacy-policy\\\/\"]}]},{\"@type\":\"BreadcrumbList\",\"@id\":\"https:\\\/\\\/clinicadentalmercurio.com\\\/en\\\/privacy-policy\\\/#breadcrumb\",\"itemListElement\":[{\"@type\":\"ListItem\",\"position\":1,\"name\":\"Portada\",\"item\":\"https:\\\/\\\/clinicadentalmercurio.com\\\/en\\\/\"},{\"@type\":\"ListItem\",\"position\":2,\"name\":\"Privacy Policy\"}]},{\"@type\":\"WebSite\",\"@id\":\"https:\\\/\\\/clinicadentalmercurio.com\\\/#website\",\"url\":\"https:\\\/\\\/clinicadentalmercurio.com\\\/\",\"name\":\"Cl\u00ednica Dental Mercurio\",\"description\":\"Cl\u00ednica Dental Edificio Mercurio Playa del Ingl\u00e9s\",\"publisher\":{\"@id\":\"https:\\\/\\\/clinicadentalmercurio.com\\\/#organization\"},\"potentialAction\":[{\"@type\":\"SearchAction\",\"target\":{\"@type\":\"EntryPoint\",\"urlTemplate\":\"https:\\\/\\\/clinicadentalmercurio.com\\\/?s={search_term_string}\"},\"query-input\":{\"@type\":\"PropertyValueSpecification\",\"valueRequired\":true,\"valueName\":\"search_term_string\"}}],\"inLanguage\":\"en-US\"},{\"@type\":\"Organization\",\"@id\":\"https:\\\/\\\/clinicadentalmercurio.com\\\/#organization\",\"name\":\"Cl\u00ednica Dental Mercurio\",\"url\":\"https:\\\/\\\/clinicadentalmercurio.com\\\/\",\"logo\":{\"@type\":\"ImageObject\",\"inLanguage\":\"en-US\",\"@id\":\"https:\\\/\\\/clinicadentalmercurio.com\\\/#\\\/schema\\\/logo\\\/image\\\/\",\"url\":\"https:\\\/\\\/clinicadentalmercurio.com\\\/wp-content\\\/uploads\\\/2017\\\/03\\\/M-500x500-copia.jpg\",\"contentUrl\":\"https:\\\/\\\/clinicadentalmercurio.com\\\/wp-content\\\/uploads\\\/2017\\\/03\\\/M-500x500-copia.jpg\",\"width\":100,\"height\":100,\"caption\":\"Cl\u00ednica Dental Mercurio\"},\"image\":{\"@id\":\"https:\\\/\\\/clinicadentalmercurio.com\\\/#\\\/schema\\\/logo\\\/image\\\/\"}}]}<\/script>\n<!-- \/ Yoast SEO plugin. -->","yoast_head_json":{"title":"Privacy Policy - Dental Clinic Mercurio","robots":{"index":"index","follow":"follow","max-snippet":"max-snippet:-1","max-image-preview":"max-image-preview:large","max-video-preview":"max-video-preview:-1"},"canonical":"https:\/\/clinicadentalmercurio.com\/en\/privacy-policy\/","og_locale":"en_US","og_type":"article","og_title":"Privacy Policy - Dental Clinic Mercurio","og_description":"&nbsp; Privacy Policy In accordance with Organic Law 15\/1999 on Personal Data Protection, we hereby inform you that the personal data obtained from this form will be included in a automated computer file held by Cl\u00ednica Dental Mercurio for the purpose of answering your enquiries and sending you related information that may be of interest [&hellip;]","og_url":"https:\/\/clinicadentalmercurio.com\/en\/privacy-policy\/","og_site_name":"Cl\u00ednica Dental Mercurio","article_modified_time":"2017-03-22T10:31:53+00:00","twitter_card":"summary_large_image","twitter_misc":{"Est. reading time":"1 minute"},"schema":{"@context":"https:\/\/schema.org","@graph":[{"@type":"WebPage","@id":"https:\/\/clinicadentalmercurio.com\/en\/privacy-policy\/","url":"https:\/\/clinicadentalmercurio.com\/en\/privacy-policy\/","name":"Privacy Policy - Dental Clinic Mercurio","isPartOf":{"@id":"https:\/\/clinicadentalmercurio.com\/#website"},"datePublished":"2017-03-22T10:31:43+00:00","dateModified":"2017-03-22T10:31:53+00:00","breadcrumb":{"@id":"https:\/\/clinicadentalmercurio.com\/en\/privacy-policy\/#breadcrumb"},"inLanguage":"en-US","potentialAction":[{"@type":"ReadAction","target":["https:\/\/clinicadentalmercurio.com\/en\/privacy-policy\/"]}]},{"@type":"BreadcrumbList","@id":"https:\/\/clinicadentalmercurio.com\/en\/privacy-policy\/#breadcrumb","itemListElement":[{"@type":"ListItem","position":1,"name":"Portada","item":"https:\/\/clinicadentalmercurio.com\/en\/"},{"@type":"ListItem","position":2,"name":"Privacy Policy"}]},{"@type":"WebSite","@id":"https:\/\/clinicadentalmercurio.com\/#website","url":"https:\/\/clinicadentalmercurio.com\/","name":"Cl\u00ednica Dental Mercurio","description":"Cl\u00ednica Dental Edificio Mercurio Playa del Ingl\u00e9s","publisher":{"@id":"https:\/\/clinicadentalmercurio.com\/#organization"},"potentialAction":[{"@type":"SearchAction","target":{"@type":"EntryPoint","urlTemplate":"https:\/\/clinicadentalmercurio.com\/?s={search_term_string}"},"query-input":{"@type":"PropertyValueSpecification","valueRequired":true,"valueName":"search_term_string"}}],"inLanguage":"en-US"},{"@type":"Organization","@id":"https:\/\/clinicadentalmercurio.com\/#organization","name":"Cl\u00ednica Dental Mercurio","url":"https:\/\/clinicadentalmercurio.com\/","logo":{"@type":"ImageObject","inLanguage":"en-US","@id":"https:\/\/clinicadentalmercurio.com\/#\/schema\/logo\/image\/","url":"https:\/\/clinicadentalmercurio.com\/wp-content\/uploads\/2017\/03\/M-500x500-copia.jpg","contentUrl":"https:\/\/clinicadentalmercurio.com\/wp-content\/uploads\/2017\/03\/M-500x500-copia.jpg","width":100,"height":100,"caption":"Cl\u00ednica Dental Mercurio"},"image":{"@id":"https:\/\/clinicadentalmercurio.com\/#\/schema\/logo\/image\/"}}]}},"_links":{"self":[{"href":"https:\/\/clinicadentalmercurio.com\/en\/wp-json\/wp\/v2\/pages\/470","targetHints":{"allow":["GET"]}}],"collection":[{"href":"https:\/\/clinicadentalmercurio.com\/en\/wp-json\/wp\/v2\/pages"}],"about":[{"href":"https:\/\/clinicadentalmercurio.com\/en\/wp-json\/wp\/v2\/types\/page"}],"author":[{"embeddable":true,"href":"https:\/\/clinicadentalmercurio.com\/en\/wp-json\/wp\/v2\/users\/2"}],"replies":[{"embeddable":true,"href":"https:\/\/clinicadentalmercurio.com\/en\/wp-json\/wp\/v2\/comments?post=470"}],"version-history":[{"count":0,"href":"https:\/\/clinicadentalmercurio.com\/en\/wp-json\/wp\/v2\/pages\/470\/revisions"}],"wp:attachment":[{"href":"https:\/\/clinicadentalmercurio.com\/en\/wp-json\/wp\/v2\/media?parent=470"}],"curies":[{"name":"wp","href":"https:\/\/api.w.org\/{rel}","templated":true}]}}