{"id":491,"date":"2017-03-22T12:18:31","date_gmt":"2017-03-22T12:18:31","guid":{"rendered":"http:\/\/clinicadentalmercurio.com\/?page_id=491\/"},"modified":"2017-03-22T12:19:24","modified_gmt":"2017-03-22T12:19:24","slug":"politique-de-confidentialite","status":"publish","type":"page","link":"https:\/\/clinicadentalmercurio.com\/fr\/politique-de-confidentialite\/","title":{"rendered":"Politique de confidentialit\u00e9"},"content":{"rendered":"<p>[et_pb_section bb_built=\u00a0\u00bb1&Prime; admin_label=\u00a0\u00bbsection\u00a0\u00bb][et_pb_row admin_label=\u00a0\u00bbrow\u00a0\u00bb][et_pb_column type=\u00a0\u00bb4_4&Prime;][et_pb_text admin_label=\u00a0\u00bbTexto\u00a0\u00bb background_layout=\u00a0\u00bblight\u00a0\u00bb text_orientation=\u00a0\u00bbleft\u00a0\u00bb use_border_color=\u00a0\u00bboff\u00a0\u00bb border_color=\u00a0\u00bb#ffffff\u00a0\u00bb border_style=\u00a0\u00bbsolid\u00a0\u00bb]<\/p>\n<h2 class=\"p2\">Politique de confidentialit\u00e9<\/h2>\n<p class=\"p2\">Conform\u00e9ment \u00e0 la Loi organique 15\/1999, nous vous informons que les donn\u00e9es obtenues \u00e0 travers ce formulaire seront incorpor\u00e9es dans un fichier automatis\u00e9 sous la responsabilit\u00e9 de la clinique dentaire Mercurio afin de r\u00e9pondre \u00e0 vos consultations et vous faire parvenir des informations qui peuvent vous int\u00e9resser. Vous pouvez exercer vos droits d\u2019acc\u00e8s, de rectification, d\u2019annulation et d\u2019opposition en envoyant un \u00e9crit \u00e0 l\u2019adresse suivante\u00a0: Avenida de Tirajana, 37, Edificio Mercurio. Torre 1, 35100 Playa del Ingl\u00e9s, Las Palmas.<\/p>\n<p>Sauf indication contraire de votre part, nous consid\u00e8rerons que vos donn\u00e9es n\u2019ont pas \u00e9t\u00e9 modifi\u00e9es, que vous vous engagez \u00e0 nous notifier toute modification et que vous donnez votre consentement pour que nous puissions les utiliser aux fins mentionn\u00e9es. L\u2019envoi de ces donn\u00e9es vaut acceptation de cette clause.<\/p>\n<p>[\/et_pb_text][\/et_pb_column][\/et_pb_row][\/et_pb_section]<\/p>\n","protected":false},"excerpt":{"rendered":"<p>Politique de confidentialit\u00e9 Conform\u00e9ment \u00e0 la Loi organique 15\/1999, nous vous informons que les donn\u00e9es obtenues \u00e0 travers ce formulaire seront incorpor\u00e9es dans un fichier automatis\u00e9 sous la responsabilit\u00e9 de la clinique dentaire Mercurio afin de r\u00e9pondre \u00e0 vos consultations et vous faire parvenir des informations qui peuvent vous int\u00e9resser. Vous pouvez exercer vos droits [&hellip;]<\/p>\n","protected":false},"author":2,"featured_media":0,"parent":0,"menu_order":0,"comment_status":"closed","ping_status":"closed","template":"","meta":{"_et_pb_use_builder":"on","_et_pb_old_content":"<p class=\"p2\"><span class=\"s1\">De acuerdo con lo establecido por la Ley Org\u00e1nica 15\/1999, le informamos que los datos obtenidos de este formulario ser\u00e1n incorporados a un fichero automatizado bajo la responsabilidad de Cl\u00ednica dental mercurio\u00a0con la finalidad de atender sus consultas y remitirle informaci\u00f3n relacionada que pueda ser de su inter\u00e9s. Puede ejercer sus derechos de acceso, rectificaci\u00f3n, cancelaci\u00f3n y oposici\u00f3n mediante un escrito a nuestra direcci\u00f3n\u00a0<span class=\"_Xbe\">Avenida de Tirajana, 37, Edificio Mercurio. Torre 1, 35100 Playa del Ingl\u00e9s, Las Palmas.<\/span><\/span><\/p><p class=\"p2\"><span class=\"s1\">Mientras no nos comunique lo contrario, entenderemos que sus datos no han sido modificados, que usted se compromete a notificarnos cualquier variaci\u00f3n y que tenemos su consentimiento para utilizarlos para las finalidades mencionadas.<\/span><span class=\"s1\">El env\u00edo de estos datos implica la aceptaci\u00f3n de esta cl\u00e1usula.<\/span><\/p>","_et_gb_content_width":"","footnotes":""},"class_list":["post-491","page","type-page","status-publish","hentry"],"yoast_head":"<!-- This site is optimized with the Yoast SEO plugin v27.4 - https:\/\/yoast.com\/product\/yoast-seo-wordpress\/ -->\n<title>Politique de confidentialit\u00e9 - Clinique Dentaire Mercurio<\/title>\n<meta name=\"robots\" content=\"index, follow, max-snippet:-1, max-image-preview:large, max-video-preview:-1\" \/>\n<link rel=\"canonical\" href=\"https:\/\/clinicadentalmercurio.com\/fr\/politique-de-confidentialite\/\" \/>\n<meta property=\"og:locale\" content=\"fr_FR\" \/>\n<meta property=\"og:type\" content=\"article\" \/>\n<meta property=\"og:title\" content=\"Politique de confidentialit\u00e9 - Clinique Dentaire Mercurio\" \/>\n<meta property=\"og:description\" content=\"Politique de confidentialit\u00e9 Conform\u00e9ment \u00e0 la Loi organique 15\/1999, nous vous informons que les donn\u00e9es obtenues \u00e0 travers ce formulaire seront incorpor\u00e9es dans un fichier automatis\u00e9 sous la responsabilit\u00e9 de la clinique dentaire Mercurio afin de r\u00e9pondre \u00e0 vos consultations et vous faire parvenir des informations qui peuvent vous int\u00e9resser. Vous pouvez exercer vos droits [&hellip;]\" \/>\n<meta property=\"og:url\" content=\"https:\/\/clinicadentalmercurio.com\/fr\/politique-de-confidentialite\/\" \/>\n<meta property=\"og:site_name\" content=\"Cl\u00ednica Dental Mercurio\" \/>\n<meta property=\"article:modified_time\" content=\"2017-03-22T12:19:24+00:00\" \/>\n<meta name=\"twitter:card\" content=\"summary_large_image\" \/>\n<meta name=\"twitter:label1\" content=\"Dur\u00e9e de lecture estim\u00e9e\" \/>\n\t<meta name=\"twitter:data1\" content=\"1 minute\" \/>\n<script type=\"application\/ld+json\" class=\"yoast-schema-graph\">{\"@context\":\"https:\\\/\\\/schema.org\",\"@graph\":[{\"@type\":\"WebPage\",\"@id\":\"https:\\\/\\\/clinicadentalmercurio.com\\\/fr\\\/politique-de-confidentialite\\\/\",\"url\":\"https:\\\/\\\/clinicadentalmercurio.com\\\/fr\\\/politique-de-confidentialite\\\/\",\"name\":\"Politique de confidentialit\u00e9 - Clinique Dentaire Mercurio\",\"isPartOf\":{\"@id\":\"https:\\\/\\\/clinicadentalmercurio.com\\\/#website\"},\"datePublished\":\"2017-03-22T12:18:31+00:00\",\"dateModified\":\"2017-03-22T12:19:24+00:00\",\"breadcrumb\":{\"@id\":\"https:\\\/\\\/clinicadentalmercurio.com\\\/fr\\\/politique-de-confidentialite\\\/#breadcrumb\"},\"inLanguage\":\"fr-FR\",\"potentialAction\":[{\"@type\":\"ReadAction\",\"target\":[\"https:\\\/\\\/clinicadentalmercurio.com\\\/fr\\\/politique-de-confidentialite\\\/\"]}]},{\"@type\":\"BreadcrumbList\",\"@id\":\"https:\\\/\\\/clinicadentalmercurio.com\\\/fr\\\/politique-de-confidentialite\\\/#breadcrumb\",\"itemListElement\":[{\"@type\":\"ListItem\",\"position\":1,\"name\":\"Portada\",\"item\":\"https:\\\/\\\/clinicadentalmercurio.com\\\/fr\\\/\"},{\"@type\":\"ListItem\",\"position\":2,\"name\":\"Politique de confidentialit\u00e9\"}]},{\"@type\":\"WebSite\",\"@id\":\"https:\\\/\\\/clinicadentalmercurio.com\\\/#website\",\"url\":\"https:\\\/\\\/clinicadentalmercurio.com\\\/\",\"name\":\"Cl\u00ednica Dental Mercurio\",\"description\":\"Cl\u00ednica Dental Edificio Mercurio Playa del Ingl\u00e9s\",\"publisher\":{\"@id\":\"https:\\\/\\\/clinicadentalmercurio.com\\\/#organization\"},\"potentialAction\":[{\"@type\":\"SearchAction\",\"target\":{\"@type\":\"EntryPoint\",\"urlTemplate\":\"https:\\\/\\\/clinicadentalmercurio.com\\\/?s={search_term_string}\"},\"query-input\":{\"@type\":\"PropertyValueSpecification\",\"valueRequired\":true,\"valueName\":\"search_term_string\"}}],\"inLanguage\":\"fr-FR\"},{\"@type\":\"Organization\",\"@id\":\"https:\\\/\\\/clinicadentalmercurio.com\\\/#organization\",\"name\":\"Cl\u00ednica Dental Mercurio\",\"url\":\"https:\\\/\\\/clinicadentalmercurio.com\\\/\",\"logo\":{\"@type\":\"ImageObject\",\"inLanguage\":\"fr-FR\",\"@id\":\"https:\\\/\\\/clinicadentalmercurio.com\\\/#\\\/schema\\\/logo\\\/image\\\/\",\"url\":\"https:\\\/\\\/clinicadentalmercurio.com\\\/wp-content\\\/uploads\\\/2017\\\/03\\\/M-500x500-copia.jpg\",\"contentUrl\":\"https:\\\/\\\/clinicadentalmercurio.com\\\/wp-content\\\/uploads\\\/2017\\\/03\\\/M-500x500-copia.jpg\",\"width\":100,\"height\":100,\"caption\":\"Cl\u00ednica Dental Mercurio\"},\"image\":{\"@id\":\"https:\\\/\\\/clinicadentalmercurio.com\\\/#\\\/schema\\\/logo\\\/image\\\/\"}}]}<\/script>\n<!-- \/ Yoast SEO plugin. -->","yoast_head_json":{"title":"Politique de confidentialit\u00e9 - Clinique Dentaire Mercurio","robots":{"index":"index","follow":"follow","max-snippet":"max-snippet:-1","max-image-preview":"max-image-preview:large","max-video-preview":"max-video-preview:-1"},"canonical":"https:\/\/clinicadentalmercurio.com\/fr\/politique-de-confidentialite\/","og_locale":"fr_FR","og_type":"article","og_title":"Politique de confidentialit\u00e9 - Clinique Dentaire Mercurio","og_description":"Politique de confidentialit\u00e9 Conform\u00e9ment \u00e0 la Loi organique 15\/1999, nous vous informons que les donn\u00e9es obtenues \u00e0 travers ce formulaire seront incorpor\u00e9es dans un fichier automatis\u00e9 sous la responsabilit\u00e9 de la clinique dentaire Mercurio afin de r\u00e9pondre \u00e0 vos consultations et vous faire parvenir des informations qui peuvent vous int\u00e9resser. Vous pouvez exercer vos droits [&hellip;]","og_url":"https:\/\/clinicadentalmercurio.com\/fr\/politique-de-confidentialite\/","og_site_name":"Cl\u00ednica Dental Mercurio","article_modified_time":"2017-03-22T12:19:24+00:00","twitter_card":"summary_large_image","twitter_misc":{"Dur\u00e9e de lecture estim\u00e9e":"1 minute"},"schema":{"@context":"https:\/\/schema.org","@graph":[{"@type":"WebPage","@id":"https:\/\/clinicadentalmercurio.com\/fr\/politique-de-confidentialite\/","url":"https:\/\/clinicadentalmercurio.com\/fr\/politique-de-confidentialite\/","name":"Politique de confidentialit\u00e9 - Clinique Dentaire Mercurio","isPartOf":{"@id":"https:\/\/clinicadentalmercurio.com\/#website"},"datePublished":"2017-03-22T12:18:31+00:00","dateModified":"2017-03-22T12:19:24+00:00","breadcrumb":{"@id":"https:\/\/clinicadentalmercurio.com\/fr\/politique-de-confidentialite\/#breadcrumb"},"inLanguage":"fr-FR","potentialAction":[{"@type":"ReadAction","target":["https:\/\/clinicadentalmercurio.com\/fr\/politique-de-confidentialite\/"]}]},{"@type":"BreadcrumbList","@id":"https:\/\/clinicadentalmercurio.com\/fr\/politique-de-confidentialite\/#breadcrumb","itemListElement":[{"@type":"ListItem","position":1,"name":"Portada","item":"https:\/\/clinicadentalmercurio.com\/fr\/"},{"@type":"ListItem","position":2,"name":"Politique de confidentialit\u00e9"}]},{"@type":"WebSite","@id":"https:\/\/clinicadentalmercurio.com\/#website","url":"https:\/\/clinicadentalmercurio.com\/","name":"Cl\u00ednica Dental Mercurio","description":"Cl\u00ednica Dental Edificio Mercurio Playa del Ingl\u00e9s","publisher":{"@id":"https:\/\/clinicadentalmercurio.com\/#organization"},"potentialAction":[{"@type":"SearchAction","target":{"@type":"EntryPoint","urlTemplate":"https:\/\/clinicadentalmercurio.com\/?s={search_term_string}"},"query-input":{"@type":"PropertyValueSpecification","valueRequired":true,"valueName":"search_term_string"}}],"inLanguage":"fr-FR"},{"@type":"Organization","@id":"https:\/\/clinicadentalmercurio.com\/#organization","name":"Cl\u00ednica Dental Mercurio","url":"https:\/\/clinicadentalmercurio.com\/","logo":{"@type":"ImageObject","inLanguage":"fr-FR","@id":"https:\/\/clinicadentalmercurio.com\/#\/schema\/logo\/image\/","url":"https:\/\/clinicadentalmercurio.com\/wp-content\/uploads\/2017\/03\/M-500x500-copia.jpg","contentUrl":"https:\/\/clinicadentalmercurio.com\/wp-content\/uploads\/2017\/03\/M-500x500-copia.jpg","width":100,"height":100,"caption":"Cl\u00ednica Dental Mercurio"},"image":{"@id":"https:\/\/clinicadentalmercurio.com\/#\/schema\/logo\/image\/"}}]}},"_links":{"self":[{"href":"https:\/\/clinicadentalmercurio.com\/fr\/wp-json\/wp\/v2\/pages\/491","targetHints":{"allow":["GET"]}}],"collection":[{"href":"https:\/\/clinicadentalmercurio.com\/fr\/wp-json\/wp\/v2\/pages"}],"about":[{"href":"https:\/\/clinicadentalmercurio.com\/fr\/wp-json\/wp\/v2\/types\/page"}],"author":[{"embeddable":true,"href":"https:\/\/clinicadentalmercurio.com\/fr\/wp-json\/wp\/v2\/users\/2"}],"replies":[{"embeddable":true,"href":"https:\/\/clinicadentalmercurio.com\/fr\/wp-json\/wp\/v2\/comments?post=491"}],"version-history":[{"count":0,"href":"https:\/\/clinicadentalmercurio.com\/fr\/wp-json\/wp\/v2\/pages\/491\/revisions"}],"wp:attachment":[{"href":"https:\/\/clinicadentalmercurio.com\/fr\/wp-json\/wp\/v2\/media?parent=491"}],"curies":[{"name":"wp","href":"https:\/\/api.w.org\/{rel}","templated":true}]}}